{"id":156,"date":"2015-07-16T09:12:51","date_gmt":"2015-07-16T09:12:51","guid":{"rendered":"http:\/\/test.kriesi.at\/minimal-portfolio\/?page_id=156"},"modified":"2022-09-01T14:50:21","modified_gmt":"2022-09-01T12:50:21","slug":"foto-gunzenhausen-kontakt-2","status":"publish","type":"page","link":"http:\/\/web.benz-grafikdesign.de\/fuelpix\/foto-gunzenhausen-kontakt-2\/","title":{"rendered":"Fotografie Gunzenhausen \u2013 Kontakt"},"content":{"rendered":"<div id='av-layout-grid-1'  class='av-layout-grid-container av-6bzrac-d08f3b3801a4055497efbb20d09a3308 entry-content-wrapper main_color av-flex-cells  avia-builder-el-0  el_before_av_one_fifth  avia-builder-el-first   container_wrap sidebar_right'  >\n\n<style type=\"text\/css\" data-created_by=\"avia_inline_auto\" id=\"style-css-av-m3dlw-a4975e76302c4c894aec9723f86e8416\">\n.flex_cell.av-m3dlw-a4975e76302c4c894aec9723f86e8416{\nvertical-align:middle;\nheight:430px;\nmin-height:430px;\nbackground-color:#eb6c0a;\n}\n.responsive #top #wrap_all .flex_cell.av-m3dlw-a4975e76302c4c894aec9723f86e8416{\npadding:30px 100px 30px 100px !important;\n}\n<\/style>\n<div class='flex_cell av-m3dlw-a4975e76302c4c894aec9723f86e8416 av-gridrow-cell av_one_half no_margin  avia-builder-el-1  el_before_av_cell_one_half  avia-builder-el-first  avia-full-stretch' ><div class='flex_cell_inner'>\n<style type=\"text\/css\" data-created_by=\"avia_inline_auto\" id=\"style-css-av-5zux7g-414c9c60d32b2b7a0b6e6ce156e02785\">\n.flex_column.av-5zux7g-414c9c60d32b2b7a0b6e6ce156e02785{\n-webkit-border-radius:0px 0px 0px 0px;\n-moz-border-radius:0px 0px 0px 0px;\nborder-radius:0px 0px 0px 0px;\npadding:0px 0px 0px 0px;\n}\n<\/style>\n<div class='flex_column av-5zux7g-414c9c60d32b2b7a0b6e6ce156e02785 av_one_full  avia-builder-el-2  avia-builder-el-no-sibling  first flex_column_div av-animated-generic bottom-to-top av-zero-column-padding '     ><style type=\"text\/css\" data-created_by=\"avia_inline_auto\" id=\"style-css-av-5tzkes-477ef6e3971e12a27092f035a637c295\">\n#top .av_textblock_section.av-5tzkes-477ef6e3971e12a27092f035a637c295 .avia_textblock{\nfont-size:19px;\ncolor:#e4e1cd;\n}\n<\/style>\n<section  class='av_textblock_section av-5tzkes-477ef6e3971e12a27092f035a637c295'  itemscope=\"itemscope\" itemtype=\"https:\/\/schema.org\/CreativeWork\" ><div class='avia_textblock av_inherit_color'  itemprop=\"text\" ><h3 style=\"text-align: right;\">Fuelpix \u2013\u00a0Gasoline and Rock &#8217;n&#8216; Roll<\/h3>\n<p style=\"text-align: right;\"><strong>Am M\u00f6nchswald 8, 91793 Haundorf<\/strong><br \/>\nFrankonia (Bavaria), Germany<\/p>\n<p style=\"text-align: right;\"><a href=\"mailto:andi@fuelpix.com\"><strong>andi@fuelpix.com<\/strong><\/a><br \/>\n+49 . 9837 . 976062<br \/>\n+49 . 151\u00a0.\u00a015276643<\/p>\n<h3 style=\"text-align: right;\"><strong>Bilder vom Leben \u2013 Fotografie Gunzenhausen<\/strong><\/h3>\n<p style=\"text-align: right;\"><a href=\"mailto:christina@bildervomleben.de\">christina@bildervomleben.de<\/a><br \/>\n+49 . 9831 .\u00a08848164<br \/>\n+49 . 171 .\u00a06285761<\/p>\n<\/div><\/section><\/div>\n<\/div><\/div>\n<style type=\"text\/css\" data-created_by=\"avia_inline_auto\" id=\"style-css-av-5r1ff8-0c5fa6e59fc945d84111be34922d60fb\">\n.flex_cell.av-5r1ff8-0c5fa6e59fc945d84111be34922d60fb{\nvertical-align:middle;\nheight:430px;\nmin-height:430px;\n}\n.responsive #top #wrap_all .flex_cell.av-5r1ff8-0c5fa6e59fc945d84111be34922d60fb{\npadding:0px 0px 0px 0px !important;\n}\n<\/style>\n<div class='flex_cell av-5r1ff8-0c5fa6e59fc945d84111be34922d60fb av-gridrow-cell av_one_half no_margin  avia-builder-el-4  el_after_av_cell_one_half  avia-builder-el-last  av-zero-padding' ><div class='flex_cell_inner'><div  class='av_gmaps_sc_main_wrap av_gmaps_main_wrap '><div id='av_gmap_0' class='avia-google-map-container avia-google-map-sc av_gmaps_show_unconditionally av-no-fallback-img ' data-mapid='av_gmap_0'  style='height: 500px;'><a class=\"av_gmaps_browser_disabled av_text_confirm_link av_text_confirm_link_visible\" href=\"https:\/\/www.google.com\/maps\/search\/?api=1&#038;query=Am%20M\u00f6nchswald%208%20%2091729%20Haundorf\" target=\"_blank\" rel=\"noopener\">Aufgrund deiner Datenschutz-Einstellungen k\u00f6nnen wir Ihnen die Karte nicht anzeigen. Klicken Sie hier, um die Karte in einem neuen Fenster zu \u00f6ffnen.<\/a><\/div><\/div>\n<\/div><\/div><\/div><div id='after_grid_row_1'  class='main_color av_default_container_wrap container_wrap sidebar_right'  ><div class='container av-section-cont-open' ><div class='template-page content  av-content-small alpha units'><div class='post-entry post-entry-type-page post-entry-156'><div class='entry-content-wrapper clearfix'>\n<style type=\"text\/css\" data-created_by=\"avia_inline_auto\" id=\"style-css-av-55lv6s-cb67bdee9e6c44e01023000c7eb74161\">\n.flex_column.av-55lv6s-cb67bdee9e6c44e01023000c7eb74161{\n-webkit-border-radius:0px 0px 0px 0px;\n-moz-border-radius:0px 0px 0px 0px;\nborder-radius:0px 0px 0px 0px;\npadding:0px 0px 0px 0px;\n}\n<\/style>\n<div class='flex_column av-55lv6s-cb67bdee9e6c44e01023000c7eb74161 av_one_fifth  avia-builder-el-6  el_after_av_layout_row  el_before_av_three_fifth  avia-builder-el-first  first flex_column_div av-zero-column-padding '     ><\/div><\/p>\n\n<style type=\"text\/css\" data-created_by=\"avia_inline_auto\" id=\"style-css-av-50tovw-20b49acd3f282fd20aaf19cd24ff86e7\">\n.flex_column.av-50tovw-20b49acd3f282fd20aaf19cd24ff86e7{\n-webkit-border-radius:0px 0px 0px 0px;\n-moz-border-radius:0px 0px 0px 0px;\nborder-radius:0px 0px 0px 0px;\npadding:0px 0px 0px 0px;\n}\n<\/style>\n<div class='flex_column av-50tovw-20b49acd3f282fd20aaf19cd24ff86e7 av_three_fifth  avia-builder-el-7  el_after_av_one_fifth  el_before_av_one_fifth  flex_column_div av-animated-generic bottom-to-top av-zero-column-padding '     ><p>\n<style type=\"text\/css\" data-created_by=\"avia_inline_auto\" id=\"style-css-av-4xiewk-016a6e4bf33666b0d52f3ac843dfa352\">\n#top .av-special-heading.av-4xiewk-016a6e4bf33666b0d52f3ac843dfa352{\npadding-bottom:10px;\n}\nbody .av-special-heading.av-4xiewk-016a6e4bf33666b0d52f3ac843dfa352 .av-special-heading-tag .heading-char{\nfont-size:25px;\n}\n.av-special-heading.av-4xiewk-016a6e4bf33666b0d52f3ac843dfa352 .av-subheading{\nfont-size:15px;\n}\n<\/style>\n<div  class='av-special-heading av-4xiewk-016a6e4bf33666b0d52f3ac843dfa352 av-special-heading-h3 blockquote modern-quote modern-centered  avia-builder-el-8  el_before_av_textblock  avia-builder-el-first '><h3 class='av-special-heading-tag'  itemprop=\"headline\"  >Feel free to drop me a mail<\/h3><div class=\"special-heading-border\"><div class=\"special-heading-inner-border\"><\/div><\/div><\/div><br \/>\n\n<style type=\"text\/css\" data-created_by=\"avia_inline_auto\" id=\"style-css-av-4p4coc-7f517f4986bc1222416b608e59d97345\">\n#top .av_textblock_section.av-4p4coc-7f517f4986bc1222416b608e59d97345 .avia_textblock{\nfont-size:19px;\n}\n<\/style>\n<section  class='av_textblock_section av-4p4coc-7f517f4986bc1222416b608e59d97345'  itemscope=\"itemscope\" itemtype=\"https:\/\/schema.org\/CreativeWork\" ><div class='avia_textblock'  itemprop=\"text\" ><p style=\"text-align: center;\">Wenn ihr meine Fotos m\u00f6gt d\u00fcrft ihr mir gerne was Nettes schreiben. Nat\u00fcrlich d\u00fcrft ihr auch f\u00fcr ein Fotoshoot mit eurem Fahrzeug (oder ohne) oder f\u00fcr ein Event anfragen. Fuelpix.com steht f\u00fcr Fotografie aus Gunzenhausen mit Schwerpunkt auf Autos, Motorr\u00e4dern und Konzertfotografie.<\/p>\n<\/div><\/section><\/p><\/div>\n\n<style type=\"text\/css\" data-created_by=\"avia_inline_auto\" id=\"style-css-av-4hpvb8-c4947e26ac51667dfbd54130dd15220c\">\n.flex_column.av-4hpvb8-c4947e26ac51667dfbd54130dd15220c{\n-webkit-border-radius:0px 0px 0px 0px;\n-moz-border-radius:0px 0px 0px 0px;\nborder-radius:0px 0px 0px 0px;\npadding:0px 0px 0px 0px;\n}\n<\/style>\n<div class='flex_column av-4hpvb8-c4947e26ac51667dfbd54130dd15220c av_one_fifth  avia-builder-el-10  el_after_av_three_fifth  el_before_av_section  avia-builder-el-last  flex_column_div av-zero-column-padding '     ><\/div>\n<\/div><\/div><\/div><!-- close content main div --><\/div><\/div><div id='av_section_1'  class='avia-section av-2qedl0-60746fb37d6e94b8390aa0726890ec06 main_color avia-section-default avia-no-shadow  avia-builder-el-11  el_after_av_one_fifth  avia-builder-el-last  avia-bg-style-scroll container_wrap sidebar_right'  ><div class='container av-section-cont-open' ><div class='template-page content  av-content-small alpha units'><div class='post-entry post-entry-type-page post-entry-156'><div class='entry-content-wrapper clearfix'>\n\n<style type=\"text\/css\" data-created_by=\"avia_inline_auto\" id=\"style-css-av-2k7fck-bef5d6accb4fe0465f7e8698a5da7392\">\n#top .hr.hr-invisible.av-2k7fck-bef5d6accb4fe0465f7e8698a5da7392{\nheight:60px;\n}\n<\/style>\n<div  class='hr av-2k7fck-bef5d6accb4fe0465f7e8698a5da7392 hr-invisible  avia-builder-el-12  el_before_av_heading  avia-builder-el-first '><span class='hr-inner '><span class=\"hr-inner-style\"><\/span><\/span><\/div>\n\n<style type=\"text\/css\" data-created_by=\"avia_inline_auto\" id=\"style-css-av-t3yk-eb4411d79527b4a7fd3b835e444fb2e3\">\n#top .av-special-heading.av-t3yk-eb4411d79527b4a7fd3b835e444fb2e3{\npadding-bottom:10px;\nfont-size:25px;\n}\nbody .av-special-heading.av-t3yk-eb4411d79527b4a7fd3b835e444fb2e3 .av-special-heading-tag .heading-char{\nfont-size:25px;\n}\n#top #wrap_all .av-special-heading.av-t3yk-eb4411d79527b4a7fd3b835e444fb2e3 .av-special-heading-tag{\nfont-size:25px;\n}\n.av-special-heading.av-t3yk-eb4411d79527b4a7fd3b835e444fb2e3 .av-subheading{\nfont-size:15px;\n}\n\n@media only screen and (min-width: 480px) and (max-width: 767px){ \n#top #wrap_all .av-special-heading.av-t3yk-eb4411d79527b4a7fd3b835e444fb2e3 .av-special-heading-tag{\nfont-size:0.8em;\n}\n}\n\n@media only screen and (max-width: 479px){ \n#top #wrap_all .av-special-heading.av-t3yk-eb4411d79527b4a7fd3b835e444fb2e3 .av-special-heading-tag{\nfont-size:0.8em;\n}\n}\n<\/style>\n<div  class='av-special-heading av-t3yk-eb4411d79527b4a7fd3b835e444fb2e3 av-special-heading-h1 blockquote modern-quote modern-centered  avia-builder-el-13  el_after_av_hr  el_before_av_hr  av-inherit-size'><h1 class='av-special-heading-tag'  itemprop=\"headline\"  >Was ich sonst so treibe&#8230;<\/h1><div class=\"special-heading-border\"><div class=\"special-heading-inner-border\"><\/div><\/div><\/div>\n\n<style type=\"text\/css\" data-created_by=\"avia_inline_auto\" id=\"style-css-av-2ax5ec-4d301b5e78e9558783f04668767b6da9\">\n#top .hr.hr-invisible.av-2ax5ec-4d301b5e78e9558783f04668767b6da9{\nheight:40px;\n}\n<\/style>\n<div  class='hr av-2ax5ec-4d301b5e78e9558783f04668767b6da9 hr-invisible  avia-builder-el-14  el_after_av_heading  el_before_av_one_third '><span class='hr-inner '><span class=\"hr-inner-style\"><\/span><\/span><\/div>\n\n<style type=\"text\/css\" data-created_by=\"avia_inline_auto\" id=\"style-css-av-21gqro-0551ca7214d6c71d2a1c45462172e1a3\">\n.flex_column.av-21gqro-0551ca7214d6c71d2a1c45462172e1a3{\n-webkit-border-radius:0px 0px 0px 0px;\n-moz-border-radius:0px 0px 0px 0px;\nborder-radius:0px 0px 0px 0px;\npadding:0px 0px 0px 0px;\n}\n<\/style>\n<div class='flex_column av-21gqro-0551ca7214d6c71d2a1c45462172e1a3 av_one_third  avia-builder-el-15  el_after_av_hr  el_before_av_one_third  first flex_column_div av-animated-generic bottom-to-top av-zero-column-padding '     ><p>\n<style type=\"text\/css\" data-created_by=\"avia_inline_auto\" id=\"style-css-av-1yh284-c189144709956bf8cd4ab3207be78403\">\n.avia-image-container.av-1yh284-c189144709956bf8cd4ab3207be78403 img.avia_image{\nbox-shadow:none;\n}\n.avia-image-container.av-1yh284-c189144709956bf8cd4ab3207be78403 .av-image-caption-overlay-center{\ncolor:#ffffff;\n}\n<\/style>\n<div  class='avia-image-container av-1yh284-c189144709956bf8cd4ab3207be78403 av-styling-no-styling avia-align-center  avia-builder-el-16  el_before_av_hr  avia-builder-el-first '   itemprop=\"image\" itemscope=\"itemscope\" itemtype=\"https:\/\/schema.org\/ImageObject\" ><div class=\"avia-image-container-inner\"><div class=\"avia-image-overlay-wrap\"><a href=\"http:\/\/www.benz-grafikdesign.de\" class='avia_image' target=\"_blank\" rel=\"noopener noreferrer\"><img decoding=\"async\" class='wp-image-5426 avia-img-lazy-loading-not-5426 avia_image ' src=\"http:\/\/web.benz-grafikdesign.de\/fuelpix\/wp-content\/uploads\/2015\/07\/Benz-grafikdesign-Logo.png\" alt='' title='Benz-grafikdesign-Logo'  height=\"196\" width=\"355\"  itemprop=\"thumbnailUrl\" srcset=\"http:\/\/web.benz-grafikdesign.de\/fuelpix\/wp-content\/uploads\/2015\/07\/Benz-grafikdesign-Logo.png 355w, http:\/\/web.benz-grafikdesign.de\/fuelpix\/wp-content\/uploads\/2015\/07\/Benz-grafikdesign-Logo-300x166.png 300w\" sizes=\"(max-width: 355px) 100vw, 355px\" \/><\/a><\/div><\/div><\/div><br \/>\n\n<style type=\"text\/css\" data-created_by=\"avia_inline_auto\" id=\"style-css-av-1o9kac-4527491d463e2ebbcd993ebb43e72309\">\n#top .hr.hr-invisible.av-1o9kac-4527491d463e2ebbcd993ebb43e72309{\nheight:40px;\n}\n<\/style>\n<div  class='hr av-1o9kac-4527491d463e2ebbcd993ebb43e72309 hr-invisible  avia-builder-el-17  el_after_av_image  el_before_av_textblock '><span class='hr-inner '><span class=\"hr-inner-style\"><\/span><\/span><\/div><br \/>\n<section  class='av_textblock_section av-1mjmck-efb6dd1de22bc1ef907ef351ee3cd1cb'  itemscope=\"itemscope\" itemtype=\"https:\/\/schema.org\/CreativeWork\" ><div class='avia_textblock'  itemprop=\"text\" ><h3><a title=\"Bestes Design in Gunzenhausen \u2013 seit 1966\" href=\"http:\/\/www.benz-grafikdesign.de\">Grafik-Design aus Gunzenhausen<\/a> \u2013<\/h3>\n<p>Ich bin gelernter Mediengestalter, Photoshop Junkie seit 1993 und seit 1996 selbstst\u00e4ndiger Grafik-Designer. Ich fotografiere, ich illustriere, ich gestalte. Bereits Ende der 90er\u00a0kam dann auch Webdesign und -entwicklung\u00a0dazu.<\/p>\n<\/div><\/section><\/p><\/div>\n<style type=\"text\/css\" data-created_by=\"avia_inline_auto\" id=\"style-css-av-1h5ls4-933be42f6a4e6bc8b5ce3f0e053d758c\">\n.flex_column.av-1h5ls4-933be42f6a4e6bc8b5ce3f0e053d758c{\n-webkit-border-radius:0px 0px 0px 0px;\n-moz-border-radius:0px 0px 0px 0px;\nborder-radius:0px 0px 0px 0px;\npadding:0px 0px 0px 0px;\n}\n<\/style>\n<div class='flex_column av-1h5ls4-933be42f6a4e6bc8b5ce3f0e053d758c av_one_third  avia-builder-el-19  el_after_av_one_third  el_before_av_one_third  flex_column_div av-animated-generic bottom-to-top av-zero-column-padding '     ><p>\n<style type=\"text\/css\" data-created_by=\"avia_inline_auto\" id=\"style-css-av-173f78-26ad6bb991c4af5aa50d49066d137b3a\">\n.avia-image-container.av-173f78-26ad6bb991c4af5aa50d49066d137b3a img.avia_image{\nbox-shadow:none;\n}\n.avia-image-container.av-173f78-26ad6bb991c4af5aa50d49066d137b3a .av-image-caption-overlay-center{\ncolor:#ffffff;\n}\n<\/style>\n<div  class='avia-image-container av-173f78-26ad6bb991c4af5aa50d49066d137b3a av-styling- avia-align-center  avia-builder-el-20  el_before_av_hr  avia-builder-el-first '   itemprop=\"image\" itemscope=\"itemscope\" itemtype=\"https:\/\/schema.org\/ImageObject\" ><div class=\"avia-image-container-inner\"><div class=\"avia-image-overlay-wrap\"><a href=\"http:\/\/www.benz-grafikdesign.de\" class='avia_image' target=\"_blank\" rel=\"noopener noreferrer\"><img decoding=\"async\" class='wp-image-5497 avia-img-lazy-loading-not-5497 avia_image ' src=\"http:\/\/web.benz-grafikdesign.de\/fuelpix\/wp-content\/uploads\/2015\/07\/vombenz-neg-400px.png\" alt='' title='vombenz-neg-400px'  height=\"182\" width=\"400\"  itemprop=\"thumbnailUrl\" srcset=\"http:\/\/web.benz-grafikdesign.de\/fuelpix\/wp-content\/uploads\/2015\/07\/vombenz-neg-400px.png 400w, http:\/\/web.benz-grafikdesign.de\/fuelpix\/wp-content\/uploads\/2015\/07\/vombenz-neg-400px-300x137.png 300w\" sizes=\"(max-width: 400px) 100vw, 400px\" \/><\/a><\/div><\/div><\/div><br \/>\n\n<style type=\"text\/css\" data-created_by=\"avia_inline_auto\" id=\"style-css-av-10rpo4-bbb676c6af2847d9e1910c7b8960b9d1\">\n#top .hr.hr-invisible.av-10rpo4-bbb676c6af2847d9e1910c7b8960b9d1{\nheight:40px;\n}\n<\/style>\n<div  class='hr av-10rpo4-bbb676c6af2847d9e1910c7b8960b9d1 hr-invisible  avia-builder-el-21  el_after_av_image  el_before_av_textblock '><span class='hr-inner '><span class=\"hr-inner-style\"><\/span><\/span><\/div><br \/>\n<section  class='av_textblock_section av-uic8s-0b80a4da76d1fff59b87b0be924b557e'  itemscope=\"itemscope\" itemtype=\"https:\/\/schema.org\/CreativeWork\" ><div class='avia_textblock'  itemprop=\"text\" ><h3><a href=\"http:\/\/www.benz-grafikdesign.de\">Illustration aus Gunzenhausen \u2013<\/a><\/h3>\n<p>Auf <a title=\"Fotografie von Autos Oldtimern Youngtimern und Motorraedern in Gunzenhausen\" href=\"http:\/\/www.benz-grafikdesign.de\">vomBenz.de<\/a>\u00a0zeige ich, was ich als Illustrator kann. Hier kommt auch alles rein, was nicht so bierernst ist und was mir\u00a0Spa\u00df macht.<\/p>\n<\/div><\/section><\/p><\/div>\n<style type=\"text\/css\" data-created_by=\"avia_inline_auto\" id=\"style-css-av-rip8s-99ebe2bac90b19c67702cdc28ec51944\">\n.flex_column.av-rip8s-99ebe2bac90b19c67702cdc28ec51944{\n-webkit-border-radius:0px 0px 0px 0px;\n-moz-border-radius:0px 0px 0px 0px;\nborder-radius:0px 0px 0px 0px;\npadding:0px 0px 0px 0px;\n}\n<\/style>\n<div class='flex_column av-rip8s-99ebe2bac90b19c67702cdc28ec51944 av_one_third  avia-builder-el-23  el_after_av_one_third  avia-builder-el-last  flex_column_div av-animated-generic bottom-to-top av-zero-column-padding '     ><p>\n<style type=\"text\/css\" data-created_by=\"avia_inline_auto\" id=\"style-css-av-mviq4-38af53f417ab8ca0ef9e6ad49500180e\">\n.avia-image-container.av-mviq4-38af53f417ab8ca0ef9e6ad49500180e img.avia_image{\nbox-shadow:none;\n}\n.avia-image-container.av-mviq4-38af53f417ab8ca0ef9e6ad49500180e .av-image-caption-overlay-center{\ncolor:#ffffff;\n}\n<\/style>\n<div  class='avia-image-container av-mviq4-38af53f417ab8ca0ef9e6ad49500180e av-styling- avia-align-center  avia-builder-el-24  el_before_av_hr  avia-builder-el-first '   itemprop=\"image\" itemscope=\"itemscope\" itemtype=\"https:\/\/schema.org\/ImageObject\" ><div class=\"avia-image-container-inner\"><div class=\"avia-image-overlay-wrap\"><a href=\"http:\/\/www.bildervomleben.de\" class='avia_image' target=\"_blank\" rel=\"noopener noreferrer\"><img decoding=\"async\" class='wp-image-5500 avia-img-lazy-loading-not-5500 avia_image ' src=\"http:\/\/web.benz-grafikdesign.de\/fuelpix\/wp-content\/uploads\/2015\/07\/logo-bilder-vom-leben-250px-neg.png\" alt='' title='logo-bilder-vom-leben-250px-neg'  height=\"213\" width=\"250\"  itemprop=\"thumbnailUrl\"  \/><\/a><\/div><\/div><\/div><br \/>\n\n<style type=\"text\/css\" data-created_by=\"avia_inline_auto\" id=\"style-css-av-cp784-70be59e7666b38cfeef3028cc63fc1cb\">\n#top .hr.hr-invisible.av-cp784-70be59e7666b38cfeef3028cc63fc1cb{\nheight:40px;\n}\n<\/style>\n<div  class='hr av-cp784-70be59e7666b38cfeef3028cc63fc1cb hr-invisible  avia-builder-el-25  el_after_av_image  el_before_av_textblock '><span class='hr-inner '><span class=\"hr-inner-style\"><\/span><\/span><\/div><br \/>\n<section  class='av_textblock_section av-bcaf8-789d43ad076e62aee855293427ccef1d'  itemscope=\"itemscope\" itemtype=\"https:\/\/schema.org\/CreativeWork\" ><div class='avia_textblock'  itemprop=\"text\" ><h3>Fotografie Gunzenhausen \u2013<\/h3>\n<p>Als Hochzeitsfotograf bin ich Teil von\u00a0<a title=\"Hochzeit- und Portraitfotografie \u2013 Fotografie in Gunzenhausen\" href=\"http:\/\/www.bildervomleben.de\/\">Bilder vom Leben<\/a>. Mit meinem Schatz <a href=\"mailto: christina@bildervomleben.de\">Christina<\/a> zusammen begleite ich Brautpaare an ihrem Hochzeitstag\u00a0und fotografiere dabei alles und jeden, der nicht bei 3 auf dem Baum ist.<\/p>\n<\/div><\/section><\/p><\/div>\n<\/div><\/div><\/div><!-- close content main div --><\/div><\/div><div id='after_section_1'  class='main_color av_default_container_wrap container_wrap sidebar_right'  ><div class='container av-section-cont-open' ><div class='template-page content  av-content-small alpha units'><div class='post-entry post-entry-type-page post-entry-156'><div class='entry-content-wrapper clearfix'>\n","protected":false},"excerpt":{"rendered":"","protected":false},"author":3,"featured_media":0,"parent":0,"menu_order":0,"comment_status":"open","ping_status":"open","template":"","meta":{"footnotes":""},"_links":{"self":[{"href":"http:\/\/web.benz-grafikdesign.de\/fuelpix\/wp-json\/wp\/v2\/pages\/156"}],"collection":[{"href":"http:\/\/web.benz-grafikdesign.de\/fuelpix\/wp-json\/wp\/v2\/pages"}],"about":[{"href":"http:\/\/web.benz-grafikdesign.de\/fuelpix\/wp-json\/wp\/v2\/types\/page"}],"author":[{"embeddable":true,"href":"http:\/\/web.benz-grafikdesign.de\/fuelpix\/wp-json\/wp\/v2\/users\/3"}],"replies":[{"embeddable":true,"href":"http:\/\/web.benz-grafikdesign.de\/fuelpix\/wp-json\/wp\/v2\/comments?post=156"}],"version-history":[{"count":9,"href":"http:\/\/web.benz-grafikdesign.de\/fuelpix\/wp-json\/wp\/v2\/pages\/156\/revisions"}],"predecessor-version":[{"id":6812,"href":"http:\/\/web.benz-grafikdesign.de\/fuelpix\/wp-json\/wp\/v2\/pages\/156\/revisions\/6812"}],"wp:attachment":[{"href":"http:\/\/web.benz-grafikdesign.de\/fuelpix\/wp-json\/wp\/v2\/media?parent=156"}],"curies":[{"name":"wp","href":"https:\/\/api.w.org\/{rel}","templated":true}]}}