{"id":840,"date":"2010-11-28T16:00:51","date_gmt":"2010-11-28T15:00:51","guid":{"rendered":"http:\/\/www.benz-grafikdesign.de\/wordpress\/"},"modified":"2019-12-04T19:05:11","modified_gmt":"2019-12-04T18:05:11","slug":"impressum","status":"publish","type":"page","link":"http:\/\/web.benz-grafikdesign.de\/fuelpix\/impressum\/","title":{"rendered":"Impressum und Rechtliches"},"content":{"rendered":"\n<style type=\"text\/css\" data-created_by=\"avia_inline_auto\" id=\"style-css-av-xz5ts-323188c513ecf2e6910ae350f50e9e40\">\n.flex_column.av-xz5ts-323188c513ecf2e6910ae350f50e9e40{\n-webkit-border-radius:0px 0px 0px 0px;\n-moz-border-radius:0px 0px 0px 0px;\nborder-radius:0px 0px 0px 0px;\npadding:0px 0px 0px 0px;\n}\n<\/style>\n<div class='flex_column av-xz5ts-323188c513ecf2e6910ae350f50e9e40 av_two_fifth  avia-builder-el-0  el_before_av_three_fifth  avia-builder-el-first  first flex_column_div av-zero-column-padding '     ><section  class='av_textblock_section av-pltu0-dd96fba6fce08f9feec69c37df0c6c16'  itemscope=\"itemscope\" itemtype=\"https:\/\/schema.org\/CreativeWork\" ><div class='avia_textblock'  itemprop=\"text\" ><h1 style=\"text-align: right;\">Impressum<\/h1>\n<\/div><\/section><br \/>\n<section  class='av_textblock_section av-ipnf4-369158d73ffdb1f1c4ccd219e16954fd'  itemscope=\"itemscope\" itemtype=\"https:\/\/schema.org\/CreativeWork\" ><div class='avia_textblock'  itemprop=\"text\" ><p style=\"text-align: right;\"><strong>Angaben gem\u00e4\u00df \u00a7 5 TMG:<\/strong><\/p>\n<p style=\"text-align: right;\">Andreas Benz<br \/>\nAm M\u00f6nchswald 8<br \/>\n91729 Haundorf<\/p>\n<p style=\"text-align: right;\"><strong>Kontakt:<\/strong><\/p>\n<p style=\"text-align: right;\">Telefon: +49 (0) 9837-976062<br \/>\nTelefax: +49 (0) 9837-976415<br \/>\nE-Mail:<br \/>\nandi@fuelpix.com<\/p>\n<p style=\"text-align: right;\"><strong>Umsatzsteuer:<\/strong><\/p>\n<p style=\"text-align: right;\">Umsatzsteuer-Identifikationsnummer<br \/>\ngem\u00e4\u00df \u00a727 a Umsatzsteuergesetz:<br \/>\nDE 236494082<\/p>\n<p style=\"text-align: right;\"><strong>Verantwortlich<\/strong><br \/>\n<strong> f\u00fcr den Inhalt nach \u00a7 55 Abs. 2 RStV:<\/strong><\/p>\n<p style=\"text-align: right;\">Andreas Benz<br \/>\nAm M\u00f6nchswald 8<br \/>\n91729 Haundorf<\/p>\n<p style=\"text-align: right;\"><strong>Streitschlichtung<\/strong><\/p>\n<p style=\"text-align: right;\">Die\u00a0Europ\u00e4ische Kommission stellt eine Plattform zur Online-Streitbeilegung (OS) bereit: <a href=\"https:\/\/ec.europa.eu\/consumers\/odr\" target=\"_blank\" rel=\"noopener\">https:\/\/ec.europa.eu\/consumers\/odr<\/a><br \/>\nUnsere E-Mail-Adresse finden Sie oben im Impressum.<\/p>\n<p style=\"text-align: right;\">Wir sind nicht bereit oder verpflichtet, an<br \/>\nStreitbeilegungsverfahren vor einer Verbraucherschlichtungsstelle teilzunehmen.<\/p>\n<\/div><\/section><\/p><\/div>\n\n<style type=\"text\/css\" data-created_by=\"avia_inline_auto\" id=\"style-css-av-gd6iw-050f99b506cc4f93cd2f1e827d2a3000\">\n.flex_column.av-gd6iw-050f99b506cc4f93cd2f1e827d2a3000{\n-webkit-border-radius:0px 0px 0px 0px;\n-moz-border-radius:0px 0px 0px 0px;\nborder-radius:0px 0px 0px 0px;\npadding:0px 0px 0px 0px;\n}\n<\/style>\n<div class='flex_column av-gd6iw-050f99b506cc4f93cd2f1e827d2a3000 av_three_fifth  avia-builder-el-3  el_after_av_two_fifth  el_before_av_section  avia-builder-el-last  flex_column_div av-zero-column-padding '     ><section  class='av_textblock_section av-bakg8-6cfc35d6758113a228954d98fe71863a'  itemscope=\"itemscope\" itemtype=\"https:\/\/schema.org\/CreativeWork\" ><div class='avia_textblock'  itemprop=\"text\" ><h1><strong>Disclaimer &#8211; Rechtliche Hinweise<\/strong><\/h1>\n<p><strong>1. Haftungsbeschr\u00e4nkung<\/strong><br \/>\nDie Inhalte des Internetauftritts wurden mit gr\u00f6\u00dftm\u00f6glicher Sorgfalt und nach bestem Gewissen erstellt. Dennoch \u00fcbernimmt der Anbieter dieser Webseite keine Gew\u00e4hr f\u00fcr die Aktualit\u00e4t, Vollst\u00e4ndigkeit und Richtigkeit der bereitgestellten Seiten und Inhalte.<\/p>\n<p>Als Diensteanbieter ist der Anbieter dieser Webseite gem\u00e4\u00df \u00a7 7 Abs. 1 TMG f\u00fcr eigene Inhalte und bereitgestellte Informationen auf diesen Seiten nach den allgemeinen Gesetzen verantwortlich; nach den \u00a7\u00a7 8 bis 10 TMG jedoch nicht verpflichtet, die \u00fcbermittelten oder gespeicherten fremden Informationen zu \u00fcberwachen. Eine Entfernung oder Sperrung dieser Inhalte erfolgt umgehend ab dem Zeitpunkt der Kenntnis einer konkreten Rechtsverletzung. Eine Haftung ist erst ab dem Zeitpunkt der Kenntniserlangung m\u00f6glich.<\/p>\n<p><strong>2. Externe Links<\/strong><br \/>\nDie Webseite enth\u00e4lt sog. \u201eexterne Links\u201c (Verlinkungen) zu anderen Webseiten, auf deren Inhalt der Anbieter der Webseite keinen Einfluss hat. Aus diesem Grund kann der Anbieter f\u00fcr diese Inhalte auch keine Gew\u00e4hr \u00fcbernehmen.<br \/>\nF\u00fcr die Inhalte und Richtigkeit der bereitgestellten Informationen ist der jeweilige Anbieter der verlinkten Webseite verantwortlich. Zum Zeitpunkt der Verlinkung waren keine Rechtsverst\u00f6\u00dfe erkennbar. Bei Bekanntwerden einer solchen Rechtsverletzung wird der Link umgehend entfernen.<\/p>\n<p><strong>3. Urheberrecht\/Leistungsschutzrecht<\/strong><br \/>\nDie auf dieser Webseite ver\u00f6ffentlichten Inhalte, Werke und bereitgestellten Informationen unterliegen dem deutschen Urheberrecht und Leistungsschutzrecht. Jede Art der Vervielf\u00e4ltigung, Bearbeitung, Verbreitung, Einspeicherung und jede Art der Verwertung au\u00dferhalb der Grenzen des Urheberrechts bedarf der vorherigen schriftlichen Zustimmung des jeweiligen Rechteinhabers. Das unerlaubte Kopieren\/Speichern der bereitgestellten Informationen auf diesen Webseiten ist nicht gestattet und strafbar.<\/p>\n<\/div><\/section><\/div>\n<\/div><\/div><\/div><!-- close content main div --><\/div><\/div><div id='av_section_1'  class='avia-section av-2qedl0-60746fb37d6e94b8390aa0726890ec06 main_color avia-section-default avia-no-shadow  avia-builder-el-5  el_after_av_three_fifth  avia-builder-el-last  avia-bg-style-scroll container_wrap sidebar_right'  ><div class='container av-section-cont-open' ><div class='template-page content  av-content-small alpha units'><div class='post-entry post-entry-type-page post-entry-840'><div class='entry-content-wrapper clearfix'>\n\n<style type=\"text\/css\" data-created_by=\"avia_inline_auto\" id=\"style-css-av-2k7fck-bef5d6accb4fe0465f7e8698a5da7392\">\n#top .hr.hr-invisible.av-2k7fck-bef5d6accb4fe0465f7e8698a5da7392{\nheight:60px;\n}\n<\/style>\n<div  class='hr av-2k7fck-bef5d6accb4fe0465f7e8698a5da7392 hr-invisible  avia-builder-el-6  el_before_av_heading  avia-builder-el-first '><span class='hr-inner '><span class=\"hr-inner-style\"><\/span><\/span><\/div>\n\n<style type=\"text\/css\" data-created_by=\"avia_inline_auto\" id=\"style-css-av-t3yk-eb4411d79527b4a7fd3b835e444fb2e3\">\n#top .av-special-heading.av-t3yk-eb4411d79527b4a7fd3b835e444fb2e3{\npadding-bottom:10px;\nfont-size:25px;\n}\nbody .av-special-heading.av-t3yk-eb4411d79527b4a7fd3b835e444fb2e3 .av-special-heading-tag .heading-char{\nfont-size:25px;\n}\n#top #wrap_all .av-special-heading.av-t3yk-eb4411d79527b4a7fd3b835e444fb2e3 .av-special-heading-tag{\nfont-size:25px;\n}\n.av-special-heading.av-t3yk-eb4411d79527b4a7fd3b835e444fb2e3 .av-subheading{\nfont-size:15px;\n}\n\n@media only screen and (min-width: 480px) and (max-width: 767px){ \n#top #wrap_all .av-special-heading.av-t3yk-eb4411d79527b4a7fd3b835e444fb2e3 .av-special-heading-tag{\nfont-size:0.8em;\n}\n}\n\n@media only screen and (max-width: 479px){ \n#top #wrap_all .av-special-heading.av-t3yk-eb4411d79527b4a7fd3b835e444fb2e3 .av-special-heading-tag{\nfont-size:0.8em;\n}\n}\n<\/style>\n<div  class='av-special-heading av-t3yk-eb4411d79527b4a7fd3b835e444fb2e3 av-special-heading-h1 blockquote modern-quote modern-centered  avia-builder-el-7  el_after_av_hr  el_before_av_hr  av-inherit-size'><h1 class='av-special-heading-tag'  itemprop=\"headline\"  >Was ich sonst so treibe&#8230;<\/h1><div class=\"special-heading-border\"><div class=\"special-heading-inner-border\"><\/div><\/div><\/div>\n\n<style type=\"text\/css\" data-created_by=\"avia_inline_auto\" id=\"style-css-av-2ax5ec-4d301b5e78e9558783f04668767b6da9\">\n#top .hr.hr-invisible.av-2ax5ec-4d301b5e78e9558783f04668767b6da9{\nheight:40px;\n}\n<\/style>\n<div  class='hr av-2ax5ec-4d301b5e78e9558783f04668767b6da9 hr-invisible  avia-builder-el-8  el_after_av_heading  el_before_av_one_third '><span class='hr-inner '><span class=\"hr-inner-style\"><\/span><\/span><\/div>\n\n<style type=\"text\/css\" data-created_by=\"avia_inline_auto\" id=\"style-css-av-21gqro-0551ca7214d6c71d2a1c45462172e1a3\">\n.flex_column.av-21gqro-0551ca7214d6c71d2a1c45462172e1a3{\n-webkit-border-radius:0px 0px 0px 0px;\n-moz-border-radius:0px 0px 0px 0px;\nborder-radius:0px 0px 0px 0px;\npadding:0px 0px 0px 0px;\n}\n<\/style>\n<div class='flex_column av-21gqro-0551ca7214d6c71d2a1c45462172e1a3 av_one_third  avia-builder-el-9  el_after_av_hr  el_before_av_one_third  first flex_column_div av-animated-generic bottom-to-top av-zero-column-padding '     ><p>\n<style type=\"text\/css\" data-created_by=\"avia_inline_auto\" id=\"style-css-av-1yh284-c189144709956bf8cd4ab3207be78403\">\n.avia-image-container.av-1yh284-c189144709956bf8cd4ab3207be78403 img.avia_image{\nbox-shadow:none;\n}\n.avia-image-container.av-1yh284-c189144709956bf8cd4ab3207be78403 .av-image-caption-overlay-center{\ncolor:#ffffff;\n}\n<\/style>\n<div  class='avia-image-container av-1yh284-c189144709956bf8cd4ab3207be78403 av-styling-no-styling avia-align-center  avia-builder-el-10  el_before_av_hr  avia-builder-el-first '   itemprop=\"image\" itemscope=\"itemscope\" itemtype=\"https:\/\/schema.org\/ImageObject\" ><div class=\"avia-image-container-inner\"><div class=\"avia-image-overlay-wrap\"><a href=\"http:\/\/www.benz-grafikdesign.de\" class='avia_image' target=\"_blank\" rel=\"noopener noreferrer\"><img decoding=\"async\" class='wp-image-5426 avia-img-lazy-loading-not-5426 avia_image ' src=\"http:\/\/web.benz-grafikdesign.de\/fuelpix\/wp-content\/uploads\/2015\/07\/Benz-grafikdesign-Logo.png\" alt='' title='Benz-grafikdesign-Logo'  height=\"196\" width=\"355\"  itemprop=\"thumbnailUrl\" srcset=\"http:\/\/web.benz-grafikdesign.de\/fuelpix\/wp-content\/uploads\/2015\/07\/Benz-grafikdesign-Logo.png 355w, http:\/\/web.benz-grafikdesign.de\/fuelpix\/wp-content\/uploads\/2015\/07\/Benz-grafikdesign-Logo-300x166.png 300w\" sizes=\"(max-width: 355px) 100vw, 355px\" \/><\/a><\/div><\/div><\/div><br \/>\n\n<style type=\"text\/css\" data-created_by=\"avia_inline_auto\" id=\"style-css-av-1o9kac-4527491d463e2ebbcd993ebb43e72309\">\n#top .hr.hr-invisible.av-1o9kac-4527491d463e2ebbcd993ebb43e72309{\nheight:40px;\n}\n<\/style>\n<div  class='hr av-1o9kac-4527491d463e2ebbcd993ebb43e72309 hr-invisible  avia-builder-el-11  el_after_av_image  el_before_av_textblock '><span class='hr-inner '><span class=\"hr-inner-style\"><\/span><\/span><\/div><br \/>\n<section  class='av_textblock_section av-1mjmck-efb6dd1de22bc1ef907ef351ee3cd1cb'  itemscope=\"itemscope\" itemtype=\"https:\/\/schema.org\/CreativeWork\" ><div class='avia_textblock'  itemprop=\"text\" ><h3><a title=\"Bestes Design in Gunzenhausen \u2013 seit 1966\" href=\"http:\/\/www.benz-grafikdesign.de\">Grafik-Design aus Gunzenhausen<\/a> \u2013<\/h3>\n<p>Ich bin gelernter Mediengestalter, Photoshop Junkie seit 1993 und seit 1996 selbstst\u00e4ndiger Grafik-Designer. Ich fotografiere, ich illustriere, ich gestalte. Bereits Ende der 90er\u00a0kam dann auch Webdesign und -entwicklung\u00a0dazu.<\/p>\n<\/div><\/section><\/p><\/div>\n<style type=\"text\/css\" data-created_by=\"avia_inline_auto\" id=\"style-css-av-1h5ls4-933be42f6a4e6bc8b5ce3f0e053d758c\">\n.flex_column.av-1h5ls4-933be42f6a4e6bc8b5ce3f0e053d758c{\n-webkit-border-radius:0px 0px 0px 0px;\n-moz-border-radius:0px 0px 0px 0px;\nborder-radius:0px 0px 0px 0px;\npadding:0px 0px 0px 0px;\n}\n<\/style>\n<div class='flex_column av-1h5ls4-933be42f6a4e6bc8b5ce3f0e053d758c av_one_third  avia-builder-el-13  el_after_av_one_third  el_before_av_one_third  flex_column_div av-animated-generic bottom-to-top av-zero-column-padding '     ><p>\n<style type=\"text\/css\" data-created_by=\"avia_inline_auto\" id=\"style-css-av-173f78-26ad6bb991c4af5aa50d49066d137b3a\">\n.avia-image-container.av-173f78-26ad6bb991c4af5aa50d49066d137b3a img.avia_image{\nbox-shadow:none;\n}\n.avia-image-container.av-173f78-26ad6bb991c4af5aa50d49066d137b3a .av-image-caption-overlay-center{\ncolor:#ffffff;\n}\n<\/style>\n<div  class='avia-image-container av-173f78-26ad6bb991c4af5aa50d49066d137b3a av-styling- avia-align-center  avia-builder-el-14  el_before_av_hr  avia-builder-el-first '   itemprop=\"image\" itemscope=\"itemscope\" itemtype=\"https:\/\/schema.org\/ImageObject\" ><div class=\"avia-image-container-inner\"><div class=\"avia-image-overlay-wrap\"><a href=\"http:\/\/www.benz-grafikdesign.de\" class='avia_image' target=\"_blank\" rel=\"noopener noreferrer\"><img decoding=\"async\" class='wp-image-5497 avia-img-lazy-loading-not-5497 avia_image ' src=\"http:\/\/web.benz-grafikdesign.de\/fuelpix\/wp-content\/uploads\/2015\/07\/vombenz-neg-400px.png\" alt='' title='vombenz-neg-400px'  height=\"182\" width=\"400\"  itemprop=\"thumbnailUrl\" srcset=\"http:\/\/web.benz-grafikdesign.de\/fuelpix\/wp-content\/uploads\/2015\/07\/vombenz-neg-400px.png 400w, http:\/\/web.benz-grafikdesign.de\/fuelpix\/wp-content\/uploads\/2015\/07\/vombenz-neg-400px-300x137.png 300w\" sizes=\"(max-width: 400px) 100vw, 400px\" \/><\/a><\/div><\/div><\/div><br \/>\n\n<style type=\"text\/css\" data-created_by=\"avia_inline_auto\" id=\"style-css-av-10rpo4-bbb676c6af2847d9e1910c7b8960b9d1\">\n#top .hr.hr-invisible.av-10rpo4-bbb676c6af2847d9e1910c7b8960b9d1{\nheight:40px;\n}\n<\/style>\n<div  class='hr av-10rpo4-bbb676c6af2847d9e1910c7b8960b9d1 hr-invisible  avia-builder-el-15  el_after_av_image  el_before_av_textblock '><span class='hr-inner '><span class=\"hr-inner-style\"><\/span><\/span><\/div><br \/>\n<section  class='av_textblock_section av-uic8s-0b80a4da76d1fff59b87b0be924b557e'  itemscope=\"itemscope\" itemtype=\"https:\/\/schema.org\/CreativeWork\" ><div class='avia_textblock'  itemprop=\"text\" ><h3><a href=\"http:\/\/www.benz-grafikdesign.de\">Illustration aus Gunzenhausen \u2013<\/a><\/h3>\n<p>Auf <a title=\"Fotografie von Autos Oldtimern Youngtimern und Motorraedern in Gunzenhausen\" href=\"http:\/\/www.benz-grafikdesign.de\">vomBenz.de<\/a>\u00a0zeige ich, was ich als Illustrator kann. Hier kommt auch alles rein, was nicht so bierernst ist und was mir\u00a0Spa\u00df macht.<\/p>\n<\/div><\/section><\/p><\/div>\n<style type=\"text\/css\" data-created_by=\"avia_inline_auto\" id=\"style-css-av-rip8s-99ebe2bac90b19c67702cdc28ec51944\">\n.flex_column.av-rip8s-99ebe2bac90b19c67702cdc28ec51944{\n-webkit-border-radius:0px 0px 0px 0px;\n-moz-border-radius:0px 0px 0px 0px;\nborder-radius:0px 0px 0px 0px;\npadding:0px 0px 0px 0px;\n}\n<\/style>\n<div class='flex_column av-rip8s-99ebe2bac90b19c67702cdc28ec51944 av_one_third  avia-builder-el-17  el_after_av_one_third  avia-builder-el-last  flex_column_div av-animated-generic bottom-to-top av-zero-column-padding '     ><p>\n<style type=\"text\/css\" data-created_by=\"avia_inline_auto\" id=\"style-css-av-mviq4-38af53f417ab8ca0ef9e6ad49500180e\">\n.avia-image-container.av-mviq4-38af53f417ab8ca0ef9e6ad49500180e img.avia_image{\nbox-shadow:none;\n}\n.avia-image-container.av-mviq4-38af53f417ab8ca0ef9e6ad49500180e .av-image-caption-overlay-center{\ncolor:#ffffff;\n}\n<\/style>\n<div  class='avia-image-container av-mviq4-38af53f417ab8ca0ef9e6ad49500180e av-styling- avia-align-center  avia-builder-el-18  el_before_av_hr  avia-builder-el-first '   itemprop=\"image\" itemscope=\"itemscope\" itemtype=\"https:\/\/schema.org\/ImageObject\" ><div class=\"avia-image-container-inner\"><div class=\"avia-image-overlay-wrap\"><a href=\"http:\/\/www.bildervomleben.de\" class='avia_image' target=\"_blank\" rel=\"noopener noreferrer\"><img decoding=\"async\" class='wp-image-5500 avia-img-lazy-loading-not-5500 avia_image ' src=\"http:\/\/web.benz-grafikdesign.de\/fuelpix\/wp-content\/uploads\/2015\/07\/logo-bilder-vom-leben-250px-neg.png\" alt='' title='logo-bilder-vom-leben-250px-neg'  height=\"213\" width=\"250\"  itemprop=\"thumbnailUrl\"  \/><\/a><\/div><\/div><\/div><br \/>\n\n<style type=\"text\/css\" data-created_by=\"avia_inline_auto\" id=\"style-css-av-cp784-70be59e7666b38cfeef3028cc63fc1cb\">\n#top .hr.hr-invisible.av-cp784-70be59e7666b38cfeef3028cc63fc1cb{\nheight:40px;\n}\n<\/style>\n<div  class='hr av-cp784-70be59e7666b38cfeef3028cc63fc1cb hr-invisible  avia-builder-el-19  el_after_av_image  el_before_av_textblock '><span class='hr-inner '><span class=\"hr-inner-style\"><\/span><\/span><\/div><br \/>\n<section  class='av_textblock_section av-bcaf8-789d43ad076e62aee855293427ccef1d'  itemscope=\"itemscope\" itemtype=\"https:\/\/schema.org\/CreativeWork\" ><div class='avia_textblock'  itemprop=\"text\" ><h3>Fotografie Gunzenhausen \u2013<\/h3>\n<p>Als Hochzeitsfotograf bin ich Teil von\u00a0<a title=\"Hochzeit- und Portraitfotografie \u2013 Fotografie in Gunzenhausen\" href=\"http:\/\/www.bildervomleben.de\/\">Bilder vom Leben<\/a>. Mit meinem Schatz <a href=\"mailto: christina@bildervomleben.de\">Christina<\/a> zusammen begleite ich Brautpaare an ihrem Hochzeitstag\u00a0und fotografiere dabei alles und jeden, der nicht bei 3 auf dem Baum ist.<\/p>\n<\/div><\/section><\/p><\/div>\n<\/div><\/div><\/div><!-- close content main div --><\/div><\/div><div id='after_section_1'  class='main_color av_default_container_wrap container_wrap sidebar_right'  ><div class='container av-section-cont-open' ><div class='template-page content  av-content-small alpha units'><div class='post-entry post-entry-type-page post-entry-840'><div class='entry-content-wrapper clearfix'>\n","protected":false},"excerpt":{"rendered":"","protected":false},"author":3,"featured_media":0,"parent":0,"menu_order":4,"comment_status":"open","ping_status":"open","template":"","meta":{"footnotes":""},"_links":{"self":[{"href":"http:\/\/web.benz-grafikdesign.de\/fuelpix\/wp-json\/wp\/v2\/pages\/840"}],"collection":[{"href":"http:\/\/web.benz-grafikdesign.de\/fuelpix\/wp-json\/wp\/v2\/pages"}],"about":[{"href":"http:\/\/web.benz-grafikdesign.de\/fuelpix\/wp-json\/wp\/v2\/types\/page"}],"author":[{"embeddable":true,"href":"http:\/\/web.benz-grafikdesign.de\/fuelpix\/wp-json\/wp\/v2\/users\/3"}],"replies":[{"embeddable":true,"href":"http:\/\/web.benz-grafikdesign.de\/fuelpix\/wp-json\/wp\/v2\/comments?post=840"}],"version-history":[{"count":7,"href":"http:\/\/web.benz-grafikdesign.de\/fuelpix\/wp-json\/wp\/v2\/pages\/840\/revisions"}],"predecessor-version":[{"id":6781,"href":"http:\/\/web.benz-grafikdesign.de\/fuelpix\/wp-json\/wp\/v2\/pages\/840\/revisions\/6781"}],"wp:attachment":[{"href":"http:\/\/web.benz-grafikdesign.de\/fuelpix\/wp-json\/wp\/v2\/media?parent=840"}],"curies":[{"name":"wp","href":"https:\/\/api.w.org\/{rel}","templated":true}]}}